{"id":3733,"date":"2017-04-14T21:04:26","date_gmt":"2017-04-15T00:04:26","guid":{"rendered":"http:\/\/demo.aggressivemotions.com\/newslog\/?page_id=2"},"modified":"2018-09-05T07:25:52","modified_gmt":"2018-09-05T10:25:52","slug":"sample-page","status":"publish","type":"page","link":"https:\/\/acervo.mixbrasil.org.br\/21\/sample-page\/","title":{"rendered":"Quem Somos"},"content":{"rendered":"<h1 style=\"text-align: center;\"><span class=\"sub\"><i>Like a Virgin\u00a0<\/i><\/span><\/h1>\n<p style=\"text-align: left;\">Em um ano que o avan\u00e7o de for\u00e7as reacion\u00e1rias e obscurantistas faz abalar a cren\u00e7a em um pa\u00eds destinado a ser livre e feliz, precisamos nos lembrar que nem tudo est\u00e1 perdido.<img loading=\"lazy\" decoding=\"async\" class=\"alignleft\" src=\"http:\/\/anteriores.mixbrasil.org.br\/2013\/images\/spacer.gif\" alt=\"\" width=\"1\" height=\"8\" border=\"0\" \/><img loading=\"lazy\" decoding=\"async\" class=\"alignleft\" src=\"http:\/\/anteriores.mixbrasil.org.br\/2013\/images\/spacer.gif\" alt=\"\" width=\"1\" height=\"20\" border=\"0\" \/><\/p>\n<p>O direito ao casamento igualit\u00e1rio foi conquistado e temos uma visibilidade crescente nas ruas \u2013 e na dramaturgia televisiva.<\/p>\n<blockquote><p><strong>O ano de 2013 foi especial: 30 cidades receberam vers\u00f5es do MixBrasil, seja na itiner\u00e2ncia do 20\u2018 Festival, no Circuito MixBrasil\/Sesc ou em mostras dentro de outros eventos. E uma dezena de festivais de cinema no exterior exibiram mostras de filmes brasileiros com curadoria Mix.<\/strong><\/p><\/blockquote>\n<p>A campanha de inscri\u00e7\u00f5es do 21\u00ba MixBrasil, criada pela ag\u00eancia NeoGama\/BBH, gerou pol\u00eamica e grande repercuss\u00e3o na m\u00eddia, ao convidar para o debate figuras controversas, conhecidas por posi\u00e7\u00f5es racistas e homof\u00f3bicas.<\/p>\n<p>A cinematografia nacional de tem\u00e1tica da diversidade continua crescendo em termos quantitativos e qualitativos, o que nos levou a criar uma se\u00e7\u00e3o dedicada a longas brasileiros.<\/p>\n<p>O vigor da produ\u00e7\u00e3o mundial do g\u00eanero permitiu uma imensa amplitude de temas abordados, com programas infantis como \u201c Crescendo Com a Diversidade\u201d, profundos como \u201c Novas Fam\u00edlias\u201d e com uma safadeza impl\u00edcita em \u201c Tercetos e Quartetos\u201d. Seguindo um caminho iniciado j\u00e1 h\u00e1 alguns anos, teatro,leituras dram\u00e1ticas e shows ampliam a presen\u00e7a no evento. A Balada Liter\u00e1ria faz mais uma edi\u00e7\u00e3o cult e acontece a inclus\u00e3o de dan\u00e7a e performance entre as artes presentes neste Festival de Cultura da Diversidade.<\/p>\n<p>O Centro Cultural S\u00e3o Paulo concretiza um sonho antigo do MixBrasil de ter uma sede onde tudo isso acontecesse ao mesmo tempo. Al\u00e9m, \u00e9 claro, do Festival continuar espalhado por v\u00e1rias salas em S\u00e3o Paulo, Rio e cidades do interior do estado de S\u00e3o Paulo.<\/p>\n<p>Mas ainda que tenha j\u00e1 completado 21 anos, e tenha parceiros bacanas como a Sabesp-Secretaria de Cultura do Estado de S\u00e3o Paulo, Prefeituras do Rio e S\u00e3o Paulo e Sesc-SP, cada edi\u00e7\u00e3o \u00e9 uma luta que come\u00e7a do zero.<\/p>\n<blockquote><p>Por tudo isso mesmo atingindo a maioridade, o MixBrasil continua com o frescor de uma virgem. Uma virgem bem safadinha, que fique claro.<\/p><\/blockquote>\n<p><b>Andr\u00e9 Fischer \/ Jo\u00e3o Federici<\/b><\/p>\n","protected":false},"excerpt":{"rendered":"<p>Like a Virgin\u00a0 Em um ano que o avan\u00e7o de for\u00e7as reacion\u00e1rias e obscurantistas faz abalar a cren\u00e7a em um pa\u00eds destinado a ser livre e feliz, precisamos nos lembrar que nem tudo est\u00e1 perdido. O direito ao casamento igualit\u00e1rio foi conquistado e temos uma visibilidade crescente nas ruas \u2013 e na dramaturgia televisiva. O &hellip;<\/p>\n","protected":false},"author":3,"featured_media":0,"parent":0,"menu_order":0,"comment_status":"closed","ping_status":"closed","template":"","meta":{"footnotes":""},"class_list":["post-3733","page","type-page","status-publish","hentry"],"_links":{"self":[{"href":"https:\/\/acervo.mixbrasil.org.br\/21\/wp-json\/wp\/v2\/pages\/3733","targetHints":{"allow":["GET"]}}],"collection":[{"href":"https:\/\/acervo.mixbrasil.org.br\/21\/wp-json\/wp\/v2\/pages"}],"about":[{"href":"https:\/\/acervo.mixbrasil.org.br\/21\/wp-json\/wp\/v2\/types\/page"}],"author":[{"embeddable":true,"href":"https:\/\/acervo.mixbrasil.org.br\/21\/wp-json\/wp\/v2\/users\/3"}],"replies":[{"embeddable":true,"href":"https:\/\/acervo.mixbrasil.org.br\/21\/wp-json\/wp\/v2\/comments?post=3733"}],"version-history":[{"count":4,"href":"https:\/\/acervo.mixbrasil.org.br\/21\/wp-json\/wp\/v2\/pages\/3733\/revisions"}],"predecessor-version":[{"id":5513,"href":"https:\/\/acervo.mixbrasil.org.br\/21\/wp-json\/wp\/v2\/pages\/3733\/revisions\/5513"}],"wp:attachment":[{"href":"https:\/\/acervo.mixbrasil.org.br\/21\/wp-json\/wp\/v2\/media?parent=3733"}],"curies":[{"name":"wp","href":"https:\/\/api.w.org\/{rel}","templated":true}]}}