{"id":20,"date":"2018-08-14T20:33:34","date_gmt":"2018-08-14T23:33:34","guid":{"rendered":"http:\/\/mixbrasil.org.br\/20\/?page_id=20"},"modified":"2018-09-04T23:56:14","modified_gmt":"2018-09-05T02:56:14","slug":"juri","status":"publish","type":"page","link":"https:\/\/acervo.mixbrasil.org.br\/21\/juri\/","title":{"rendered":"J\u00fari"},"content":{"rendered":"<p>&nbsp;<\/p>\n<table style=\"width: 795px;\">\n<tbody>\n<tr>\n<td style=\"width: 416px; background-color: #e8e8e8;\"><b><span class=\"men\"><img loading=\"lazy\" decoding=\"async\" class=\"size-full wp-image-5501 alignleft\" src=\"http:\/\/mixbrasil.org.br\/21\/wp-content\/uploads\/2018\/09\/beth.jpg\" alt=\"\" width=\"105\" height=\"105\" \/>Beth S\u00e1 Freire<\/span><br \/>\n<\/b><img loading=\"lazy\" decoding=\"async\" src=\"http:\/\/anteriores.mixbrasil.org.br\/2013\/images\/spacer.gif\" alt=\"\" width=\"1\" height=\"3\" border=\"0\" \/><br \/>\nNascida no Rio de Janeiro e diplomada em Direito pela Universidade Federal do Rio de Janeiro, com extens\u00e3o em curso na \u00e1rea de Com\u00e9rcio Exterior promovido pela PUC\/RJ. Diretora-Adjunta desde 1997 do Festival Internacional de Curtas-Metragens de S\u00e3o Paulo organizado pela Associa\u00e7\u00e3o Cultural Kinoforum. Colaboradora Oficial da Semana da Cr\u00edtica do Festival de Cannes e do Festival de Curtas de Oberhausen, na Alemanha.<\/td>\n<td style=\"width: 363px;\"><strong><span class=\"men\"><img loading=\"lazy\" decoding=\"async\" class=\"size-full wp-image-5502 alignleft\" src=\"http:\/\/mixbrasil.org.br\/21\/wp-content\/uploads\/2018\/09\/claudia.jpg\" alt=\"\" width=\"105\" height=\"105\" \/>Claudia Priscilla<\/span>\u00a0<\/strong><\/p>\n<p>Trabalha com cinema desde 1998. Em 2012, dirigiu, com Kiko Goifman, o filme Olhe Para Mim de Novo, selecionado para o Festival de Berlinm. Em 2010, dirigiu o longa-metragem Leite e Ferro, sobre a maternidade no c\u00e1rcere, vencedor do III Festival de Paul\u00ednia nas categorias \u201cmelhor document\u00e1rio\u201d e \u201cmelhor dire\u00e7\u00e3o de document\u00e1rio\u201d.<\/td>\n<\/tr>\n<tr>\n<td style=\"width: 416px;\"><strong><span class=\"men\"><img loading=\"lazy\" decoding=\"async\" class=\"size-full wp-image-5503 alignleft\" src=\"http:\/\/mixbrasil.org.br\/21\/wp-content\/uploads\/2018\/09\/john.jpg\" alt=\"\" width=\"105\" height=\"105\" \/>John Cameron Mitchell<\/span>\u00a0<\/strong><br \/>\n<img loading=\"lazy\" decoding=\"async\" src=\"http:\/\/anteriores.mixbrasil.org.br\/2013\/images\/spacer.gif\" alt=\"\" width=\"1\" height=\"3\" border=\"0\" \/><br \/>\nJohn dirigiu, escreveu e estrelou o filme &#8220;Hedwig &#8211; Rock, Amor e Trai\u00e7\u00e3o&#8221; (2001), pelo qual ganhou um pr\u00eamio como Melhor Diretor no Festival Sundance e foi indicado para o Globo de Ouro como Melhor Ator. Dirigiu &#8220;Shortbus&#8221; e &#8220;Reencontrando a Felicidade&#8221; (2011). Atualmente est\u00e1 escrevendo uma sequ\u00eancia teatral para &#8220;Hedwig&#8221;, dirigindo um piloto de TV estrelado por Philip Seymor Hoffman e atuando como um personagem recorrente na s\u00e9rie &#8220;Girls&#8221; da HBO.<\/td>\n<td style=\"width: 363px; background-color: #e8e8e8;\"><strong><span class=\"men\"><img loading=\"lazy\" decoding=\"async\" class=\"size-full wp-image-5504 alignleft\" src=\"http:\/\/mixbrasil.org.br\/21\/wp-content\/uploads\/2018\/09\/michael.jpg\" alt=\"\" width=\"105\" height=\"105\" \/>Michael St\u00fctz<\/span>\u00a0<\/strong><br \/>\n<img loading=\"lazy\" decoding=\"async\" src=\"http:\/\/anteriores.mixbrasil.org.br\/2013\/images\/spacer.gif\" alt=\"\" width=\"1\" height=\"3\" border=\"0\" \/><br \/>\nDesde 2006, Michael St\u00fctz \u00e9 associado ao Panorama do Festival Internacional de Berlim, trabalhando como diretor e coodenador da programa\u00e7\u00e3o, e tamb\u00e9m como consultor de programa\u00e7\u00e3o do TEDDY Queer Film Awards. Em 2011, Michael se juntou ao XPOSED Queer Film Festival Berlin e atualmente trabalha como codiretor do festival.<\/td>\n<\/tr>\n<tr>\n<td style=\"width: 416px; background-color: #e8e8e8;\"><b><span class=\"men\"><img loading=\"lazy\" decoding=\"async\" class=\"size-full wp-image-5505 alignleft\" src=\"http:\/\/mixbrasil.org.br\/21\/wp-content\/uploads\/2018\/09\/travis.jpg\" alt=\"\" width=\"105\" height=\"105\" \/>Travis Mathews<\/span><br \/>\n<img loading=\"lazy\" decoding=\"async\" src=\"http:\/\/anteriores.mixbrasil.org.br\/2013\/images\/spacer.gif\" alt=\"\" width=\"1\" height=\"3\" border=\"0\" \/><br \/>\n<\/b>Em 2009, Travis come\u00e7ou uma s\u00e9rie de document\u00e1rios em curso chamada &#8220;In Their Room&#8221;, sobre homens gays e quartos. O primeiro de v\u00e1rios epis\u00f3dios foi filmado em S\u00e3o Francisco, seguido por Berlim, em 2010, e, depois, Londres, em 2012. Ap\u00f3s o sucesso de &#8220;I Want Your Love&#8221;, seu primeiro longa metragem, Travis foi convidado pelo cineasta James Franco em 2012 a colaborar com o que se tornaria &#8220;Interior. Leather. Bar.&#8221;<b><br \/>\n<\/b><\/td>\n<td style=\"width: 363px;\"><\/td>\n<\/tr>\n<\/tbody>\n<\/table>\n","protected":false},"excerpt":{"rendered":"<p>&nbsp; Beth S\u00e1 Freire Nascida no Rio de Janeiro e diplomada em Direito pela Universidade Federal do Rio de Janeiro, com extens\u00e3o em curso na \u00e1rea de Com\u00e9rcio Exterior promovido pela PUC\/RJ. Diretora-Adjunta desde 1997 do Festival Internacional de Curtas-Metragens de S\u00e3o Paulo organizado pela Associa\u00e7\u00e3o Cultural Kinoforum. Colaboradora Oficial da Semana da Cr\u00edtica do &hellip;<\/p>\n","protected":false},"author":3,"featured_media":0,"parent":0,"menu_order":0,"comment_status":"closed","ping_status":"closed","template":"","meta":{"footnotes":""},"class_list":["post-20","page","type-page","status-publish","hentry"],"_links":{"self":[{"href":"https:\/\/acervo.mixbrasil.org.br\/21\/wp-json\/wp\/v2\/pages\/20","targetHints":{"allow":["GET"]}}],"collection":[{"href":"https:\/\/acervo.mixbrasil.org.br\/21\/wp-json\/wp\/v2\/pages"}],"about":[{"href":"https:\/\/acervo.mixbrasil.org.br\/21\/wp-json\/wp\/v2\/types\/page"}],"author":[{"embeddable":true,"href":"https:\/\/acervo.mixbrasil.org.br\/21\/wp-json\/wp\/v2\/users\/3"}],"replies":[{"embeddable":true,"href":"https:\/\/acervo.mixbrasil.org.br\/21\/wp-json\/wp\/v2\/comments?post=20"}],"version-history":[{"count":2,"href":"https:\/\/acervo.mixbrasil.org.br\/21\/wp-json\/wp\/v2\/pages\/20\/revisions"}],"predecessor-version":[{"id":5506,"href":"https:\/\/acervo.mixbrasil.org.br\/21\/wp-json\/wp\/v2\/pages\/20\/revisions\/5506"}],"wp:attachment":[{"href":"https:\/\/acervo.mixbrasil.org.br\/21\/wp-json\/wp\/v2\/media?parent=20"}],"curies":[{"name":"wp","href":"https:\/\/api.w.org\/{rel}","templated":true}]}}