{"id":18,"date":"2018-08-14T20:33:22","date_gmt":"2018-08-14T23:33:22","guid":{"rendered":"http:\/\/mixbrasil.org.br\/20\/?page_id=18"},"modified":"2018-08-17T22:14:13","modified_gmt":"2018-08-18T01:14:13","slug":"salas","status":"publish","type":"page","link":"https:\/\/acervo.mixbrasil.org.br\/20\/salas\/","title":{"rendered":"Salas"},"content":{"rendered":"<p><span style=\"font-size: 20px;\"><strong>Espa\u00e7os de Exibi\u00e7\u00e3o<\/strong><\/span><\/p>\n<p><strong><em>S\u00c3O PAULO\u00a0 \u00a0 \u00a0 \u00a0 \u00a0 \u00a0 \u00a0 \u00a0 \u00a0 \u00a0 \u00a0 \u00a0 \u00a0 \u00a0 \u00a0 \u00a0 \u00a0 \u00a0 \u00a0 \u00a0 \u00a0 \u00a0 \u00a0 \u00a0 \u00a0 \u00a0 \u00a0 \u00a0 RIO DE JANEIRO<\/em><\/strong><\/p>\n<table style=\"width: 625px;\">\n<tbody>\n<tr>\n<td style=\"width: 292px;\"><strong><span class=\"dst\">Centro Cultural da Juventude<\/span>\u00a0<img loading=\"lazy\" decoding=\"async\" src=\"http:\/\/anteriores.mixbrasil.org.br\/2012\/images\/spacer.gif\" alt=\"\" width=\"1\" height=\"2\" border=\"0\" \/><\/strong><br \/>\nAv. Deputado Emilio Carlos, n\u00ba 3641<br \/>\nVila Nova Cachoeirinha<\/td>\n<td style=\"width: 295px;\"><strong><span class=\"dst\">Arena Carioca Dicr\u00f3<\/span>\u00a0<img loading=\"lazy\" decoding=\"async\" src=\"http:\/\/anteriores.mixbrasil.org.br\/2012\/images\/spacer.gif\" alt=\"\" width=\"1\" height=\"2\" border=\"0\" \/><\/strong><br \/>\nParque Ary Barroso, s\/n<br \/>\nPenha<\/td>\n<\/tr>\n<tr>\n<td style=\"width: 292px;\"><strong><span class=\"dst\">Centro Cultural S\u00e3o Paulo<\/span>\u00a0<img loading=\"lazy\" decoding=\"async\" src=\"http:\/\/anteriores.mixbrasil.org.br\/2012\/images\/spacer.gif\" alt=\"\" width=\"1\" height=\"2\" border=\"0\" \/><\/strong><br \/>\nRua Vergueiro, 1000<\/td>\n<td style=\"width: 295px;\"><strong><span class=\"dst\">Arena Jovelina P\u00e9rola Negra<\/span>\u00a0<img loading=\"lazy\" decoding=\"async\" src=\"http:\/\/anteriores.mixbrasil.org.br\/2012\/images\/spacer.gif\" alt=\"\" width=\"1\" height=\"2\" border=\"0\" \/><\/strong><br \/>\nPra\u00e7a \u00canio, s\/n<br \/>\nPavuna<\/td>\n<\/tr>\n<tr>\n<td style=\"width: 292px;\"><strong><span class=\"dst\">Cine Olido<\/span>\u00a0<img loading=\"lazy\" decoding=\"async\" src=\"http:\/\/anteriores.mixbrasil.org.br\/2012\/images\/spacer.gif\" alt=\"\" width=\"1\" height=\"2\" border=\"0\" \/><\/strong><br \/>\nAvenida S\u00e3o Jo\u00e3o, 473<\/td>\n<td style=\"width: 295px;\"><strong><span class=\"dst\">Centro Cultural C\u00e2ndido Mendes<\/span><\/strong>\u00a0<img loading=\"lazy\" decoding=\"async\" src=\"http:\/\/anteriores.mixbrasil.org.br\/2012\/images\/spacer.gif\" alt=\"\" width=\"1\" height=\"2\" border=\"0\" \/><br \/>\nRua Joana Ang\u00e9lica, 63<br \/>\nIpanema<\/td>\n<\/tr>\n<tr>\n<td style=\"width: 292px;\"><strong><span class=\"dst\">CineSESC<\/span>\u00a0<img loading=\"lazy\" decoding=\"async\" src=\"http:\/\/anteriores.mixbrasil.org.br\/2012\/images\/spacer.gif\" alt=\"\" width=\"1\" height=\"2\" border=\"0\" \/><\/strong><br \/>\nRua Augusta, 2075<br \/>\n<a id=\"iframe\" title=\"\" href=\"http:\/\/www.sescsp.org.br\/sesc\/busca\/index.cfm?unidadesdirector=50\">Site<\/a><\/td>\n<td style=\"width: 295px;\"><strong><span class=\"dst\">Cine J\u00f3ia<\/span>\u00a0<img loading=\"lazy\" decoding=\"async\" src=\"http:\/\/anteriores.mixbrasil.org.br\/2012\/images\/spacer.gif\" alt=\"\" width=\"1\" height=\"2\" border=\"0\" \/><\/strong><br \/>\nAv. Ns. Sra. de Copacabana, 680<\/td>\n<\/tr>\n<tr>\n<td style=\"width: 292px;\"><strong><span class=\"dst\">Espa\u00e7o Ita\u00fa de Cinema 3<\/span>\u00a0<img loading=\"lazy\" decoding=\"async\" src=\"http:\/\/anteriores.mixbrasil.org.br\/2012\/images\/spacer.gif\" alt=\"\" width=\"1\" height=\"2\" border=\"0\" \/><\/strong><br \/>\nRua Augusta 1475<\/td>\n<td style=\"width: 295px;\"><strong><span class=\"dst\">Espa\u00e7o Sesc Rio<\/span><\/strong>\u00a0<img loading=\"lazy\" decoding=\"async\" src=\"http:\/\/anteriores.mixbrasil.org.br\/2012\/images\/spacer.gif\" alt=\"\" width=\"1\" height=\"2\" border=\"0\" \/><br \/>\nRua Volunt\u00e1rios da P\u00e1tria, 35<br \/>\nBotafogo<\/td>\n<\/tr>\n<tr>\n<td style=\"width: 292px;\"><strong><span class=\"dst\">Espa\u00e7o Ita\u00fa de Cinema 4<\/span>\u00a0<img loading=\"lazy\" decoding=\"async\" src=\"http:\/\/anteriores.mixbrasil.org.br\/2012\/images\/spacer.gif\" alt=\"\" width=\"1\" height=\"2\" border=\"0\" \/><\/strong><br \/>\nRua Augusta 1470<\/td>\n<td style=\"width: 295px;\"><strong><span class=\"dst\">Esta\u00e7\u00e3o Sesc Botafogo<\/span>\u00a0<img loading=\"lazy\" decoding=\"async\" src=\"http:\/\/anteriores.mixbrasil.org.br\/2012\/images\/spacer.gif\" alt=\"\" width=\"1\" height=\"2\" border=\"0\" \/><\/strong><br \/>\nRua Volunt\u00e1rios da P\u00e1tria, 88<\/td>\n<\/tr>\n<tr>\n<td style=\"width: 292px;\"><strong><span class=\"dst\">Metr\u00f4 Rep\u00fablica<\/span>\u00a0<img loading=\"lazy\" decoding=\"async\" src=\"http:\/\/anteriores.mixbrasil.org.br\/2012\/images\/spacer.gif\" alt=\"\" width=\"1\" height=\"2\" border=\"0\" \/><\/strong><\/td>\n<td style=\"width: 295px;\"><strong><span class=\"dst\">Parque Madureira<\/span><\/strong>\u00a0<img loading=\"lazy\" decoding=\"async\" src=\"http:\/\/anteriores.mixbrasil.org.br\/2012\/images\/spacer.gif\" alt=\"\" width=\"1\" height=\"2\" border=\"0\" \/><br \/>\nRua Soares Caldeira, 115<\/td>\n<\/tr>\n<tr>\n<td style=\"width: 292px;\"><strong><span class=\"dst\">Museu da Diversidade<\/span><\/strong>\u00a0<img loading=\"lazy\" decoding=\"async\" src=\"http:\/\/anteriores.mixbrasil.org.br\/2012\/images\/spacer.gif\" alt=\"\" width=\"1\" height=\"2\" border=\"0\" \/><br \/>\nEsta\u00e7\u00e3o Metr\u00f4 Rep\u00fablica<\/td>\n<td style=\"width: 295px;\"><\/td>\n<\/tr>\n<tr>\n<td style=\"width: 292px;\"><strong><span class=\"dst\">Open Air Arouche<\/span>\u00a0<\/strong><img loading=\"lazy\" decoding=\"async\" src=\"http:\/\/anteriores.mixbrasil.org.br\/2012\/images\/spacer.gif\" alt=\"\" width=\"1\" height=\"2\" border=\"0\" \/><br \/>\nLargo do Arouche, s\/n<\/td>\n<td style=\"width: 295px;\"><\/td>\n<\/tr>\n<tr>\n<td style=\"width: 292px;\"><strong><span class=\"dst\">Open Air Vila Madalena<\/span>\u00a0<img loading=\"lazy\" decoding=\"async\" src=\"http:\/\/anteriores.mixbrasil.org.br\/2012\/images\/spacer.gif\" alt=\"\" width=\"1\" height=\"2\" border=\"0\" \/><\/strong><br \/>\n<strong>Tag &amp; Juice<\/strong><br \/>\nRua Gon\u00e7alo Afonso, 99<br \/>\nBeco do Batman<\/td>\n<td style=\"width: 295px;\"><\/td>\n<\/tr>\n<tr>\n<td style=\"width: 292px;\"><strong><span class=\"dst\">Teatro S\u00e9rgio Cardoso<\/span>\u00a0<\/strong><img loading=\"lazy\" decoding=\"async\" src=\"http:\/\/anteriores.mixbrasil.org.br\/2012\/images\/spacer.gif\" alt=\"\" width=\"1\" height=\"2\" border=\"0\" \/><br \/>\nRua Joana Ang\u00e9lica, 63<br \/>\nBela Vista<\/td>\n<td style=\"width: 295px;\"><\/td>\n<\/tr>\n<\/tbody>\n<\/table>\n","protected":false},"excerpt":{"rendered":"<p>Espa\u00e7os de Exibi\u00e7\u00e3o S\u00c3O PAULO\u00a0 \u00a0 \u00a0 \u00a0 \u00a0 \u00a0 \u00a0 \u00a0 \u00a0 \u00a0 \u00a0 \u00a0 \u00a0 \u00a0 \u00a0 \u00a0 \u00a0 \u00a0 \u00a0 \u00a0 \u00a0 \u00a0 \u00a0 \u00a0 \u00a0 \u00a0 \u00a0 \u00a0 RIO DE JANEIRO Centro Cultural da Juventude\u00a0 Av. Deputado Emilio Carlos, n\u00ba 3641 Vila Nova Cachoeirinha Arena Carioca Dicr\u00f3\u00a0 Parque Ary Barroso, s\/n &hellip;<\/p>\n","protected":false},"author":7,"featured_media":0,"parent":0,"menu_order":0,"comment_status":"closed","ping_status":"closed","template":"","meta":{"footnotes":""},"class_list":["post-18","page","type-page","status-publish","hentry"],"_links":{"self":[{"href":"https:\/\/acervo.mixbrasil.org.br\/20\/wp-json\/wp\/v2\/pages\/18","targetHints":{"allow":["GET"]}}],"collection":[{"href":"https:\/\/acervo.mixbrasil.org.br\/20\/wp-json\/wp\/v2\/pages"}],"about":[{"href":"https:\/\/acervo.mixbrasil.org.br\/20\/wp-json\/wp\/v2\/types\/page"}],"author":[{"embeddable":true,"href":"https:\/\/acervo.mixbrasil.org.br\/20\/wp-json\/wp\/v2\/users\/7"}],"replies":[{"embeddable":true,"href":"https:\/\/acervo.mixbrasil.org.br\/20\/wp-json\/wp\/v2\/comments?post=18"}],"version-history":[{"count":3,"href":"https:\/\/acervo.mixbrasil.org.br\/20\/wp-json\/wp\/v2\/pages\/18\/revisions"}],"predecessor-version":[{"id":3982,"href":"https:\/\/acervo.mixbrasil.org.br\/20\/wp-json\/wp\/v2\/pages\/18\/revisions\/3982"}],"wp:attachment":[{"href":"https:\/\/acervo.mixbrasil.org.br\/20\/wp-json\/wp\/v2\/media?parent=18"}],"curies":[{"name":"wp","href":"https:\/\/api.w.org\/{rel}","templated":true}]}}