{"id":14,"date":"2018-08-14T20:32:32","date_gmt":"2018-08-14T23:32:32","guid":{"rendered":"http:\/\/mixbrasil.org.br\/20\/?page_id=14"},"modified":"2018-08-17T23:16:58","modified_gmt":"2018-08-18T02:16:58","slug":"teatro","status":"publish","type":"page","link":"https:\/\/acervo.mixbrasil.org.br\/20\/teatro\/","title":{"rendered":"Teatro"},"content":{"rendered":"<table>\n<tbody>\n<tr>\n<td><img loading=\"lazy\" decoding=\"async\" class=\"size-medium wp-image-3997 alignleft\" src=\"http:\/\/mixbrasil.org.br\/20\/wp-content\/uploads\/2018\/08\/000134_1_1-300x190.jpg\" alt=\"\" width=\"300\" height=\"190\" srcset=\"https:\/\/acervo.mixbrasil.org.br\/20\/wp-content\/uploads\/sites\/2\/2018\/08\/000134_1_1-300x190.jpg 300w, https:\/\/acervo.mixbrasil.org.br\/20\/wp-content\/uploads\/sites\/2\/2018\/08\/000134_1_1.jpg 340w\" sizes=\"auto, (max-width: 300px) 100vw, 300px\" \/>As Lagrimas Amargas de Petra Von Kant<\/p>\n<p>Texto: Rainer Werner Fassbinder.<br \/>\nDire\u00e7\u00e3o: Luciano Mazza<\/p>\n<p>Petra von Kant \u00e9 uma estilista de sucesso extremamente arrogante e egoc\u00eantrica, que tem como \u00fanica pessoa pr\u00f3xima sua secret\u00e1ria. Num dia, ela se apaixona por uma jovem aspirante \u00e0 modelo<\/p>\n<p>Rio de Janeiro<\/p>\n<p>29\/11\/2012 21:00 hs Centro Cultural C\u00e2ndido Mendes<\/td>\n<\/tr>\n<tr>\n<td><img loading=\"lazy\" decoding=\"async\" class=\"size-medium wp-image-3997 alignleft\" src=\"http:\/\/mixbrasil.org.br\/20\/wp-content\/uploads\/2018\/08\/000134_1_1-300x190.jpg\" alt=\"\" width=\"300\" height=\"190\" srcset=\"https:\/\/acervo.mixbrasil.org.br\/20\/wp-content\/uploads\/sites\/2\/2018\/08\/000134_1_1-300x190.jpg 300w, https:\/\/acervo.mixbrasil.org.br\/20\/wp-content\/uploads\/sites\/2\/2018\/08\/000134_1_1.jpg 340w\" sizes=\"auto, (max-width: 300px) 100vw, 300px\" \/>As Lagrimas Amargas de Petra Von Kant<br \/>\nCharlottytexto e direcao: Zen Salleselenco: Cesar MouraO vestido vermelho de Charlotty&#8230; O carro que para em frente da loja de conveni\u00eancia&#8230; Os olhos dele que nos fazem gostar da vida&#8230; A l\u00edngua dela e dos homens e dos anjos&#8230; O sexo dele no cor S\u00e3o Paulo 11\/11\/2012 16:00 hs Centro Cultural S\u00e3o PauloRio de Janeiro27\/11\/2012 21:00 hs Centro Cultural C\u00e2ndido Mendes<\/td>\n<\/tr>\n<tr>\n<td><img loading=\"lazy\" decoding=\"async\" class=\"size-medium wp-image-4001 alignleft\" src=\"http:\/\/mixbrasil.org.br\/20\/wp-content\/uploads\/2018\/08\/000129_1_1-300x176.jpg\" alt=\"\" width=\"300\" height=\"176\" srcset=\"https:\/\/acervo.mixbrasil.org.br\/20\/wp-content\/uploads\/sites\/2\/2018\/08\/000129_1_1-300x176.jpg 300w, https:\/\/acervo.mixbrasil.org.br\/20\/wp-content\/uploads\/sites\/2\/2018\/08\/000129_1_1.jpg 340w\" sizes=\"auto, (max-width: 300px) 100vw, 300px\" \/>Inferno na Paisagem Belga<br \/>\n60\u00b4ESTREIA NACIONAL | Acons.16 anosAbrindo o 5\u00ba Dramatica em Cena, bra\u00e7o c\u00eanico do Festival MixBrasil, no dia 9 de Novembro, \u00e0s 21h no Centro Cultural S\u00e3o Paulo, o Grupo Os Satyros estreia sua mais nova produ\u00e7\u00e3o. O espet\u00e1culo aborda, de forma livreS\u00e3o Paulo09\/11\/2012 21:00 hs Centro Cultural S\u00e3o Paulo10\/11\/2012 21:00 hs Centro Cultural S\u00e3o Paulo11\/11\/2012 20:00 hs Centro Cultural S\u00e3o Paulo<\/td>\n<\/tr>\n<tr>\n<td><img loading=\"lazy\" decoding=\"async\" class=\"size-medium wp-image-3997 alignleft\" src=\"http:\/\/mixbrasil.org.br\/20\/wp-content\/uploads\/2018\/08\/000134_1_1-300x190.jpg\" alt=\"\" width=\"300\" height=\"190\" srcset=\"https:\/\/acervo.mixbrasil.org.br\/20\/wp-content\/uploads\/sites\/2\/2018\/08\/000134_1_1-300x190.jpg 300w, https:\/\/acervo.mixbrasil.org.br\/20\/wp-content\/uploads\/sites\/2\/2018\/08\/000134_1_1.jpg 340w\" sizes=\"auto, (max-width: 300px) 100vw, 300px\" \/>Jonas e a Baleia<\/p>\n<p>texto: Walcyr Carrasco<br \/>\nelenco: Tiago Martelli e ator convidado<\/p>\n<p>Jonas \u00e9 um garoto moderno que mora na Rua Augusta e tem como amante o pai de sua ex-namorada \u2013 o executivo Amadeu. Em uma tarde em seu pequeno apartamento, ele vive uma intensa his<\/p>\n<p>Rio de Janeiro<\/p>\n<p>28\/11\/2012 21:00 hs Centro Cultural C\u00e2ndido Mendes<\/td>\n<\/tr>\n<tr>\n<td><img loading=\"lazy\" decoding=\"async\" class=\"size-medium wp-image-4006 alignleft\" src=\"http:\/\/mixbrasil.org.br\/20\/wp-content\/uploads\/2018\/08\/000131_1_1-300x200.jpg\" alt=\"\" width=\"300\" height=\"200\" srcset=\"https:\/\/acervo.mixbrasil.org.br\/20\/wp-content\/uploads\/sites\/2\/2018\/08\/000131_1_1-300x200.jpg 300w, https:\/\/acervo.mixbrasil.org.br\/20\/wp-content\/uploads\/sites\/2\/2018\/08\/000131_1_1-60x40.jpg 60w, https:\/\/acervo.mixbrasil.org.br\/20\/wp-content\/uploads\/sites\/2\/2018\/08\/000131_1_1-144x95.jpg 144w, https:\/\/acervo.mixbrasil.org.br\/20\/wp-content\/uploads\/sites\/2\/2018\/08\/000131_1_1-210x139.jpg 210w, https:\/\/acervo.mixbrasil.org.br\/20\/wp-content\/uploads\/sites\/2\/2018\/08\/000131_1_1.jpg 322w\" sizes=\"auto, (max-width: 300px) 100vw, 300px\" \/>N\u00e3o Conte A Ningu\u00e9m<br \/>\n70&#8217;aconselh\u00e1vel 10 anosA hist\u00f3ria gira em torno de Deco. Preso na ebuli\u00e7\u00e3o dos horm\u00f4nios da adolesc\u00eancia, ele relata suas d\u00favidas, suas descobertas, suas quest\u00f5es internas, sociais e o processo de aceita\u00e7\u00e3o. Ele tenta estabelecer uma rela\u00e7\u00e3o com aS\u00e3o Paulo14\/11\/2012 21:00 hs Centro Cultural S\u00e3o Paulo15\/11\/2012 21:00 hs Centro Cultural S\u00e3o Paulo<\/td>\n<\/tr>\n<tr>\n<td><img loading=\"lazy\" decoding=\"async\" class=\"size-medium wp-image-4010 alignleft\" src=\"http:\/\/mixbrasil.org.br\/20\/wp-content\/uploads\/2018\/08\/000130_1_1-300x182.jpg\" alt=\"\" width=\"300\" height=\"182\" srcset=\"https:\/\/acervo.mixbrasil.org.br\/20\/wp-content\/uploads\/sites\/2\/2018\/08\/000130_1_1-300x182.jpg 300w, https:\/\/acervo.mixbrasil.org.br\/20\/wp-content\/uploads\/sites\/2\/2018\/08\/000130_1_1.jpg 340w\" sizes=\"auto, (max-width: 300px) 100vw, 300px\" \/>Romeu e Romeu<br \/>\n60&#8217;ESTREIA NACIONAL | 16 anosO texto hist\u00f3rico de Ronaldo Ciambroni foi escrito em 1984 e \u00e9 uma com\u00e9dia rom\u00e2ntica que conta a hist\u00f3ria do amor entre dois homens. A tem\u00e1tica principal, que \u00e9 o relacionamento homossexual, j\u00e1 \u00e9 por ess\u00eancia, dentro do<\/p>\n<p>Rio de Janeiro<\/p>\n<p>24\/11\/2012 21:00 hs Centro Cultural C\u00e2ndido Mendes<\/p>\n<p>25\/11\/2012 21:00 hs Centro Cultural C\u00e2ndido Mendes<\/td>\n<\/tr>\n<tr>\n<td><img loading=\"lazy\" decoding=\"async\" class=\"size-medium wp-image-4012 alignleft\" src=\"http:\/\/mixbrasil.org.br\/20\/wp-content\/uploads\/2018\/08\/000132_1_1-300x191.jpg\" alt=\"\" width=\"300\" height=\"191\" srcset=\"https:\/\/acervo.mixbrasil.org.br\/20\/wp-content\/uploads\/sites\/2\/2018\/08\/000132_1_1-300x191.jpg 300w, https:\/\/acervo.mixbrasil.org.br\/20\/wp-content\/uploads\/sites\/2\/2018\/08\/000132_1_1.jpg 338w\" sizes=\"auto, (max-width: 300px) 100vw, 300px\" \/>Sob a Luz do Lampi\u00e3o da Esquina<br \/>\n90\u201912 anos<\/p>\n<p>Quatro homens numa encruzilhada da vida &#8211; um aristocrata cinquent\u00e3o, um publicit\u00e1rio, um belo jornalista e um jovem poeta &#8211; gravitam em torno de um projeto comum: a busca de um espa\u00e7o de express\u00e3o de seus desejos, de seus amores e desamor<\/p>\n<p>S\u00e3o Paulo<\/p>\n<p>13\/11\/2012 21:00 hs Centro Cultural S\u00e3o Paulo<\/p>\n<p>16\/11\/2012 21:00 hs Centro Cultural S\u00e3o Paulo<\/td>\n<\/tr>\n<tr>\n<td><img loading=\"lazy\" decoding=\"async\" class=\"size-medium wp-image-3997 alignleft\" src=\"http:\/\/mixbrasil.org.br\/20\/wp-content\/uploads\/2018\/08\/000134_1_1-300x190.jpg\" alt=\"\" width=\"300\" height=\"190\" srcset=\"https:\/\/acervo.mixbrasil.org.br\/20\/wp-content\/uploads\/sites\/2\/2018\/08\/000134_1_1-300x190.jpg 300w, https:\/\/acervo.mixbrasil.org.br\/20\/wp-content\/uploads\/sites\/2\/2018\/08\/000134_1_1.jpg 340w\" sizes=\"auto, (max-width: 300px) 100vw, 300px\" \/>Sob a Luz do Lampi\u00e3o da Esquina<br \/>\nTr\u00eas Cores Primarias<\/p>\n<p>exto: Yukio Mishima<br \/>\ntradu\u00e7\u00e3o: In\u00e1cio Shibata<br \/>\ndire\u00e7\u00e3o: AURY PORTO<\/p>\n<p>O t\u00edtulo original dessa pe\u00e7a de um ato e cinco cenas, cuja a\u00e7\u00e3o transcorre no jardim de uma casa de praia, se origina de um caractere japon\u00eas que tanto pode significar cor qu<\/p>\n<p>S\u00e3o Paulo<\/p>\n<p>18\/11\/2012 16:00 hs Centro Cultural S\u00e3o Paulo<\/td>\n<\/tr>\n<tr>\n<td><img loading=\"lazy\" decoding=\"async\" class=\"size-medium wp-image-4014 alignleft\" src=\"http:\/\/mixbrasil.org.br\/20\/wp-content\/uploads\/2018\/08\/000133_1_1-300x200.jpg\" alt=\"\" width=\"300\" height=\"200\" srcset=\"https:\/\/acervo.mixbrasil.org.br\/20\/wp-content\/uploads\/sites\/2\/2018\/08\/000133_1_1-300x200.jpg 300w, https:\/\/acervo.mixbrasil.org.br\/20\/wp-content\/uploads\/sites\/2\/2018\/08\/000133_1_1-60x40.jpg 60w, https:\/\/acervo.mixbrasil.org.br\/20\/wp-content\/uploads\/sites\/2\/2018\/08\/000133_1_1-144x95.jpg 144w, https:\/\/acervo.mixbrasil.org.br\/20\/wp-content\/uploads\/sites\/2\/2018\/08\/000133_1_1-210x139.jpg 210w, https:\/\/acervo.mixbrasil.org.br\/20\/wp-content\/uploads\/sites\/2\/2018\/08\/000133_1_1.jpg 323w\" sizes=\"auto, (max-width: 300px) 100vw, 300px\" \/>Xeque Mate<br \/>\n55\u2019<\/p>\n<p>aconselh\u00e1vel 14 anos<\/p>\n<p>Atrav\u00e9s dos poemas de Fernando Pessoa (pelo seu heter\u00f4nimo \u00c1lvaro de Campos), este espet\u00e1culo tem como tema principal a AIDS, contando a trajet\u00f3ria de 05 pessoas que convivem com o v\u00edrus HIV, desmistificando e, ao mesmo tempo<\/p>\n<p>S\u00e3o Paulo<\/p>\n<p>17\/11\/2012 21:00 hs Centro Cultural S\u00e3o Paulo<\/p>\n<p>18\/11\/2012 21:00 hs Centro Cultural S\u00e3o Paulo<\/p>\n<p>Rio de Janeiro<\/p>\n<p>30\/11\/2012 19:00 hs Centro Cultural C\u00e2ndido Mendes<\/p>\n<p>01\/12\/2012 19:00 hs Centro Cultural C\u00e2ndido Mendes<\/td>\n<\/tr>\n<\/tbody>\n<\/table>\n<p><!--more--><\/p>\n","protected":false},"excerpt":{"rendered":"<p>As Lagrimas Amargas de Petra Von Kant Texto: Rainer Werner Fassbinder. Dire\u00e7\u00e3o: Luciano Mazza Petra von Kant \u00e9 uma estilista de sucesso extremamente arrogante e egoc\u00eantrica, que tem como \u00fanica pessoa pr\u00f3xima sua secret\u00e1ria. Num dia, ela se apaixona por uma jovem aspirante \u00e0 modelo Rio de Janeiro 29\/11\/2012 21:00 hs Centro Cultural C\u00e2ndido Mendes &hellip;<\/p>\n","protected":false},"author":7,"featured_media":0,"parent":0,"menu_order":0,"comment_status":"closed","ping_status":"closed","template":"","meta":{"footnotes":""},"class_list":["post-14","page","type-page","status-publish","hentry"],"_links":{"self":[{"href":"https:\/\/acervo.mixbrasil.org.br\/20\/wp-json\/wp\/v2\/pages\/14","targetHints":{"allow":["GET"]}}],"collection":[{"href":"https:\/\/acervo.mixbrasil.org.br\/20\/wp-json\/wp\/v2\/pages"}],"about":[{"href":"https:\/\/acervo.mixbrasil.org.br\/20\/wp-json\/wp\/v2\/types\/page"}],"author":[{"embeddable":true,"href":"https:\/\/acervo.mixbrasil.org.br\/20\/wp-json\/wp\/v2\/users\/7"}],"replies":[{"embeddable":true,"href":"https:\/\/acervo.mixbrasil.org.br\/20\/wp-json\/wp\/v2\/comments?post=14"}],"version-history":[{"count":14,"href":"https:\/\/acervo.mixbrasil.org.br\/20\/wp-json\/wp\/v2\/pages\/14\/revisions"}],"predecessor-version":[{"id":4015,"href":"https:\/\/acervo.mixbrasil.org.br\/20\/wp-json\/wp\/v2\/pages\/14\/revisions\/4015"}],"wp:attachment":[{"href":"https:\/\/acervo.mixbrasil.org.br\/20\/wp-json\/wp\/v2\/media?parent=14"}],"curies":[{"name":"wp","href":"https:\/\/api.w.org\/{rel}","templated":true}]}}